{"id":61,"date":"2014-02-22T22:04:15","date_gmt":"2014-02-22T21:04:15","guid":{"rendered":"http:\/\/om2amb1.mavipet.sk\/?page_id=61"},"modified":"2017-02-22T18:23:55","modified_gmt":"2017-02-22T18:23:55","slug":"antek","status":"publish","type":"page","link":"https:\/\/om2amb.mavipet.sk\/?page_id=61","title":{"rendered":"Antek"},"content":{"rendered":"<p>Trocha som upravil stavebnicu AVT2310\/1 Transciever SSB\/80m &#8220;ANTEK&#8221;. Jedn\u00e1 sa o \u00fapravy ladenia. Pou\u017eil som DDS z AD9851 a o ovl\u00e1danie je star\u00e1 ATMega8. SW je dos\u0165 rozpracovan\u00fd ale u\u017e \u010das\u0165 po\u017eadovan\u00fdch funkci\u00ed zvl\u00e1da.<\/p>\n<ul>\n<li>VFO A &#8211; VFO B<\/li>\n<li>RIT<\/li>\n<li>SPLIT<\/li>\n<li>Power meter<\/li>\n<li>S meter<\/li>\n<\/ul>\n<p><a href=\"https:\/\/om2amb.mavipet.sk\/wp-content\/uploads\/2013\/12\/IMAG00032.jpg\"><img loading=\"lazy\" decoding=\"async\" class=\"alignnone wp-image-31 size-large\" src=\"https:\/\/om2amb.mavipet.sk\/wp-content\/uploads\/2013\/12\/IMAG00032-1024x768.jpg\" alt=\"DCIM100MEDIA\" width=\"700\" height=\"525\" srcset=\"https:\/\/om2amb.mavipet.sk\/wp-content\/uploads\/2013\/12\/IMAG00032-1024x768.jpg 1024w, https:\/\/om2amb.mavipet.sk\/wp-content\/uploads\/2013\/12\/IMAG00032-300x225.jpg 300w, https:\/\/om2amb.mavipet.sk\/wp-content\/uploads\/2013\/12\/IMAG00032-768x576.jpg 768w, https:\/\/om2amb.mavipet.sk\/wp-content\/uploads\/2013\/12\/IMAG00032-1200x900.jpg 1200w, https:\/\/om2amb.mavipet.sk\/wp-content\/uploads\/2013\/12\/IMAG00032.jpg 2048w\" sizes=\"auto, (max-width: 700px) 100vw, 700px\" \/><\/a><a href=\"https:\/\/om2amb.mavipet.sk\/wp-content\/uploads\/2013\/12\/IMAG0002.jpg\"><img loading=\"lazy\" decoding=\"async\" class=\"alignnone wp-image-24 size-large\" src=\"https:\/\/om2amb.mavipet.sk\/wp-content\/uploads\/2013\/12\/IMAG0002-1024x768.jpg\" alt=\"DCIM100MEDIA\" width=\"700\" height=\"525\" srcset=\"https:\/\/om2amb.mavipet.sk\/wp-content\/uploads\/2013\/12\/IMAG0002-1024x768.jpg 1024w, https:\/\/om2amb.mavipet.sk\/wp-content\/uploads\/2013\/12\/IMAG0002-300x225.jpg 300w, https:\/\/om2amb.mavipet.sk\/wp-content\/uploads\/2013\/12\/IMAG0002-768x576.jpg 768w, https:\/\/om2amb.mavipet.sk\/wp-content\/uploads\/2013\/12\/IMAG0002-1200x900.jpg 1200w, https:\/\/om2amb.mavipet.sk\/wp-content\/uploads\/2013\/12\/IMAG0002.jpg 2048w\" sizes=\"auto, (max-width: 700px) 100vw, 700px\" \/><\/a><\/p>\n","protected":false},"excerpt":{"rendered":"<p>Trocha som upravil stavebnicu AVT2310\/1 Transciever SSB\/80m &#8220;ANTEK&#8221;. Jedn\u00e1 sa o \u00fapravy ladenia. Pou\u017eil som DDS z AD9851 a o ovl\u00e1danie je star\u00e1 ATMega8. SW je dos\u0165 rozpracovan\u00fd ale u\u017e \u010das\u0165 po\u017eadovan\u00fdch funkci\u00ed zvl\u00e1da. VFO A &#8211; VFO B RIT SPLIT Power meter S meter<\/p>\n","protected":false},"author":1,"featured_media":0,"parent":18,"menu_order":3,"comment_status":"closed","ping_status":"open","template":"","meta":{"footnotes":""},"class_list":["entry","page","publish","author-kylian","post-61"],"_links":{"self":[{"href":"https:\/\/om2amb.mavipet.sk\/index.php?rest_route=\/wp\/v2\/pages\/61","targetHints":{"allow":["GET"]}}],"collection":[{"href":"https:\/\/om2amb.mavipet.sk\/index.php?rest_route=\/wp\/v2\/pages"}],"about":[{"href":"https:\/\/om2amb.mavipet.sk\/index.php?rest_route=\/wp\/v2\/types\/page"}],"author":[{"embeddable":true,"href":"https:\/\/om2amb.mavipet.sk\/index.php?rest_route=\/wp\/v2\/users\/1"}],"replies":[{"embeddable":true,"href":"https:\/\/om2amb.mavipet.sk\/index.php?rest_route=%2Fwp%2Fv2%2Fcomments&post=61"}],"version-history":[{"count":1,"href":"https:\/\/om2amb.mavipet.sk\/index.php?rest_route=\/wp\/v2\/pages\/61\/revisions"}],"predecessor-version":[{"id":149,"href":"https:\/\/om2amb.mavipet.sk\/index.php?rest_route=\/wp\/v2\/pages\/61\/revisions\/149"}],"up":[{"embeddable":true,"href":"https:\/\/om2amb.mavipet.sk\/index.php?rest_route=\/wp\/v2\/pages\/18"}],"wp:attachment":[{"href":"https:\/\/om2amb.mavipet.sk\/index.php?rest_route=%2Fwp%2Fv2%2Fmedia&parent=61"}],"curies":[{"name":"wp","href":"https:\/\/api.w.org\/{rel}","templated":true}]}}