{"id":57,"date":"2014-02-22T21:50:31","date_gmt":"2014-02-22T20:50:31","guid":{"rendered":"http:\/\/om2amb1.mavipet.sk\/?page_id=57"},"modified":"2014-02-22T21:50:31","modified_gmt":"2014-02-22T20:50:31","slug":"ostatne","status":"publish","type":"page","link":"https:\/\/om2amb.mavipet.sk\/?page_id=57","title":{"rendered":"Ostatn\u00e9"},"content":{"rendered":"<h1>V\u0161etky mal\u00e9 projekty ktor\u00e9 stoja za zmienku.<\/h1>\n<p>V\u00e4\u010d\u0161ina mojich projektov je ne r\u00e1dio-amat\u00e9rska a okrem t\u00fdch p\u00e1r kto\u0155e st\u00e1ly za vlastn\u00fa str\u00e1nku som vygeneroval aj nie\u010do men\u0161ie.<\/p>\n<h2><strong>USB interface pre FT817.<\/strong><\/h2>\n<p>Jednoduch\u00e1 sklada\u010dka USB hubu, USB to serial konertora z galvanicky oddelenym vystupom\u00a0 a USB zvukovky z odelovacimi transformatormy.<\/p>\n<p><a href=\"http:\/\/om2amb.mavipet.sk\/wp-content\/uploads\/2013\/12\/IMAG00031.jpg\"><img loading=\"lazy\" decoding=\"async\" class=\"alignnone size-large wp-image-30\" alt=\"DCIM100MEDIA\" src=\"http:\/\/om2amb.mavipet.sk\/wp-content\/uploads\/2013\/12\/IMAG00031-1024x768.jpg\" width=\"584\" height=\"438\" srcset=\"https:\/\/om2amb.mavipet.sk\/wp-content\/uploads\/2013\/12\/IMAG00031-1024x768.jpg 1024w, https:\/\/om2amb.mavipet.sk\/wp-content\/uploads\/2013\/12\/IMAG00031-300x225.jpg 300w, https:\/\/om2amb.mavipet.sk\/wp-content\/uploads\/2013\/12\/IMAG00031-768x576.jpg 768w, https:\/\/om2amb.mavipet.sk\/wp-content\/uploads\/2013\/12\/IMAG00031-1200x900.jpg 1200w, https:\/\/om2amb.mavipet.sk\/wp-content\/uploads\/2013\/12\/IMAG00031.jpg 2048w\" sizes=\"auto, (max-width: 584px) 100vw, 584px\" \/><\/a><a href=\"http:\/\/om2amb.mavipet.sk\/wp-content\/uploads\/2013\/12\/IMAG00041.jpg\"><img loading=\"lazy\" decoding=\"async\" class=\"alignnone size-large wp-image-32\" alt=\"DCIM100MEDIA\" src=\"http:\/\/om2amb.mavipet.sk\/wp-content\/uploads\/2013\/12\/IMAG00041-1024x768.jpg\" width=\"584\" height=\"438\" srcset=\"https:\/\/om2amb.mavipet.sk\/wp-content\/uploads\/2013\/12\/IMAG00041-1024x768.jpg 1024w, https:\/\/om2amb.mavipet.sk\/wp-content\/uploads\/2013\/12\/IMAG00041-300x225.jpg 300w, https:\/\/om2amb.mavipet.sk\/wp-content\/uploads\/2013\/12\/IMAG00041-768x576.jpg 768w, https:\/\/om2amb.mavipet.sk\/wp-content\/uploads\/2013\/12\/IMAG00041-1200x900.jpg 1200w, https:\/\/om2amb.mavipet.sk\/wp-content\/uploads\/2013\/12\/IMAG00041.jpg 2048w\" sizes=\"auto, (max-width: 584px) 100vw, 584px\" \/><\/a><a href=\"http:\/\/om2amb.mavipet.sk\/wp-content\/uploads\/2013\/12\/IMAG00051.jpg\"><img loading=\"lazy\" decoding=\"async\" class=\"alignnone size-large wp-image-33\" alt=\"DCIM100MEDIA\" src=\"http:\/\/om2amb.mavipet.sk\/wp-content\/uploads\/2013\/12\/IMAG00051-1024x768.jpg\" width=\"584\" height=\"438\" srcset=\"https:\/\/om2amb.mavipet.sk\/wp-content\/uploads\/2013\/12\/IMAG00051-1024x768.jpg 1024w, https:\/\/om2amb.mavipet.sk\/wp-content\/uploads\/2013\/12\/IMAG00051-300x225.jpg 300w, https:\/\/om2amb.mavipet.sk\/wp-content\/uploads\/2013\/12\/IMAG00051-768x576.jpg 768w, https:\/\/om2amb.mavipet.sk\/wp-content\/uploads\/2013\/12\/IMAG00051-1200x900.jpg 1200w, https:\/\/om2amb.mavipet.sk\/wp-content\/uploads\/2013\/12\/IMAG00051.jpg 2048w\" sizes=\"auto, (max-width: 584px) 100vw, 584px\" \/><\/a><\/p>\n<h2>Jednoduch\u00fd QRP SWR Bridge<\/h2>\n<p><a href=\"http:\/\/om2amb.mavipet.sk\/wp-content\/uploads\/2013\/12\/SWR_bridge.jpg\"><img loading=\"lazy\" decoding=\"async\" class=\"alignnone size-full wp-image-37\" alt=\"SWR_bridge\" src=\"http:\/\/om2amb.mavipet.sk\/wp-content\/uploads\/2013\/12\/SWR_bridge.jpg\" width=\"452\" height=\"246\" srcset=\"https:\/\/om2amb.mavipet.sk\/wp-content\/uploads\/2013\/12\/SWR_bridge.jpg 452w, https:\/\/om2amb.mavipet.sk\/wp-content\/uploads\/2013\/12\/SWR_bridge-300x163.jpg 300w\" sizes=\"auto, (max-width: 452px) 100vw, 452px\" \/><\/a><\/p>\n<p><a href=\"http:\/\/om2amb.mavipet.sk\/wp-content\/uploads\/2013\/12\/SWR_bridge.zip\">Eagle s\u00fabory<\/a>.<\/p>\n<h2>Jednoduch\u00fd SDR prij\u00edma\u010d.<\/h2>\n<p><a href=\"http:\/\/om2amb.mavipet.sk\/wp-content\/uploads\/2013\/12\/IMAG0005.jpg\"><img loading=\"lazy\" decoding=\"async\" class=\"alignnone size-large wp-image-27\" alt=\"DCIM100MEDIA\" src=\"http:\/\/om2amb.mavipet.sk\/wp-content\/uploads\/2013\/12\/IMAG0005-1024x768.jpg\" width=\"584\" height=\"438\" srcset=\"https:\/\/om2amb.mavipet.sk\/wp-content\/uploads\/2013\/12\/IMAG0005-1024x768.jpg 1024w, https:\/\/om2amb.mavipet.sk\/wp-content\/uploads\/2013\/12\/IMAG0005-300x225.jpg 300w, https:\/\/om2amb.mavipet.sk\/wp-content\/uploads\/2013\/12\/IMAG0005-768x576.jpg 768w, https:\/\/om2amb.mavipet.sk\/wp-content\/uploads\/2013\/12\/IMAG0005-1200x900.jpg 1200w, https:\/\/om2amb.mavipet.sk\/wp-content\/uploads\/2013\/12\/IMAG0005.jpg 2048w\" sizes=\"auto, (max-width: 584px) 100vw, 584px\" \/><\/a><\/p>\n<p>Preklep na n\u00e1lepke som u\u017e neopravoval.<\/p>\n<p><a href=\"http:\/\/om2amb.mavipet.sk\/wp-content\/uploads\/2013\/12\/IMAG0004.jpg\"><img loading=\"lazy\" decoding=\"async\" class=\"alignnone size-large wp-image-26\" alt=\"DCIM100MEDIA\" src=\"http:\/\/om2amb.mavipet.sk\/wp-content\/uploads\/2013\/12\/IMAG0004-1024x768.jpg\" width=\"584\" height=\"438\" srcset=\"https:\/\/om2amb.mavipet.sk\/wp-content\/uploads\/2013\/12\/IMAG0004-1024x768.jpg 1024w, https:\/\/om2amb.mavipet.sk\/wp-content\/uploads\/2013\/12\/IMAG0004-300x225.jpg 300w, https:\/\/om2amb.mavipet.sk\/wp-content\/uploads\/2013\/12\/IMAG0004-768x576.jpg 768w, https:\/\/om2amb.mavipet.sk\/wp-content\/uploads\/2013\/12\/IMAG0004-1200x900.jpg 1200w, https:\/\/om2amb.mavipet.sk\/wp-content\/uploads\/2013\/12\/IMAG0004.jpg 2048w\" sizes=\"auto, (max-width: 584px) 100vw, 584px\" \/><\/a><a href=\"http:\/\/om2amb.mavipet.sk\/wp-content\/uploads\/2013\/12\/IMAG0003.jpg\"><img loading=\"lazy\" decoding=\"async\" class=\"alignnone size-large wp-image-25\" alt=\"DCIM100MEDIA\" src=\"http:\/\/om2amb.mavipet.sk\/wp-content\/uploads\/2013\/12\/IMAG0003-1024x768.jpg\" width=\"584\" height=\"438\" srcset=\"https:\/\/om2amb.mavipet.sk\/wp-content\/uploads\/2013\/12\/IMAG0003-1024x768.jpg 1024w, https:\/\/om2amb.mavipet.sk\/wp-content\/uploads\/2013\/12\/IMAG0003-300x225.jpg 300w, https:\/\/om2amb.mavipet.sk\/wp-content\/uploads\/2013\/12\/IMAG0003-768x576.jpg 768w, https:\/\/om2amb.mavipet.sk\/wp-content\/uploads\/2013\/12\/IMAG0003-1200x900.jpg 1200w, https:\/\/om2amb.mavipet.sk\/wp-content\/uploads\/2013\/12\/IMAG0003.jpg 2048w\" sizes=\"auto, (max-width: 584px) 100vw, 584px\" \/><\/a><\/p>\n<p><a href=\"http:\/\/om2amb.mavipet.sk\/wp-content\/uploads\/2013\/12\/simple_sdr.zip\">Eagle s\u00fabory<\/a>.<\/p>\n<h2>Stojan pod FT817<\/h2>\n<p>Tento n\u00e1pad som na\u0161iel u<a href=\"http:\/\/www.kr1st.com\/ft817stand.htm\"> KR1ST<\/a> a pripadal my tak neuverite\u013en\u00fd \u017ee som ho musel vysk\u00fa\u0161a\u0165 a odvtedy som prestal h\u013eada\u0165 in\u00e9 rie\u0161enia.<\/p>\n<p><a href=\"http:\/\/om2amb.mavipet.sk\/wp-content\/uploads\/2013\/12\/IMAG0001.jpg\"><img loading=\"lazy\" decoding=\"async\" class=\"alignnone size-large wp-image-23\" alt=\"DCIM100MEDIA\" src=\"http:\/\/om2amb.mavipet.sk\/wp-content\/uploads\/2013\/12\/IMAG0001-1024x768.jpg\" width=\"584\" height=\"438\" srcset=\"https:\/\/om2amb.mavipet.sk\/wp-content\/uploads\/2013\/12\/IMAG0001-1024x768.jpg 1024w, https:\/\/om2amb.mavipet.sk\/wp-content\/uploads\/2013\/12\/IMAG0001-300x225.jpg 300w, https:\/\/om2amb.mavipet.sk\/wp-content\/uploads\/2013\/12\/IMAG0001-768x576.jpg 768w, https:\/\/om2amb.mavipet.sk\/wp-content\/uploads\/2013\/12\/IMAG0001-1200x900.jpg 1200w, https:\/\/om2amb.mavipet.sk\/wp-content\/uploads\/2013\/12\/IMAG0001.jpg 2048w\" sizes=\"auto, (max-width: 584px) 100vw, 584px\" \/><\/a><\/p>\n","protected":false},"excerpt":{"rendered":"<p>V\u0161etky mal\u00e9 projekty ktor\u00e9 stoja za zmienku. V\u00e4\u010d\u0161ina mojich projektov je ne r\u00e1dio-amat\u00e9rska a okrem t\u00fdch p\u00e1r kto\u0155e st\u00e1ly za vlastn\u00fa str\u00e1nku som vygeneroval aj nie\u010do men\u0161ie. USB interface pre FT817. Jednoduch\u00e1 sklada\u010dka USB hubu, USB to serial konertora z galvanicky oddelenym vystupom\u00a0 a USB zvukovky z odelovacimi transformatormy. Jednoduch\u00fd QRP SWR Bridge Eagle s\u00fabory. &#8230; <span class=\"more\"><a class=\"more-link\" href=\"https:\/\/om2amb.mavipet.sk\/?page_id=57\">[Read more&#8230;]<\/a><\/span><\/p>\n","protected":false},"author":1,"featured_media":0,"parent":18,"menu_order":100,"comment_status":"closed","ping_status":"open","template":"","meta":{"footnotes":""},"class_list":["entry","page","publish","author-kylian","post-57"],"_links":{"self":[{"href":"https:\/\/om2amb.mavipet.sk\/index.php?rest_route=\/wp\/v2\/pages\/57","targetHints":{"allow":["GET"]}}],"collection":[{"href":"https:\/\/om2amb.mavipet.sk\/index.php?rest_route=\/wp\/v2\/pages"}],"about":[{"href":"https:\/\/om2amb.mavipet.sk\/index.php?rest_route=\/wp\/v2\/types\/page"}],"author":[{"embeddable":true,"href":"https:\/\/om2amb.mavipet.sk\/index.php?rest_route=\/wp\/v2\/users\/1"}],"replies":[{"embeddable":true,"href":"https:\/\/om2amb.mavipet.sk\/index.php?rest_route=%2Fwp%2Fv2%2Fcomments&post=57"}],"version-history":[{"count":0,"href":"https:\/\/om2amb.mavipet.sk\/index.php?rest_route=\/wp\/v2\/pages\/57\/revisions"}],"up":[{"embeddable":true,"href":"https:\/\/om2amb.mavipet.sk\/index.php?rest_route=\/wp\/v2\/pages\/18"}],"wp:attachment":[{"href":"https:\/\/om2amb.mavipet.sk\/index.php?rest_route=%2Fwp%2Fv2%2Fmedia&parent=57"}],"curies":[{"name":"wp","href":"https:\/\/api.w.org\/{rel}","templated":true}]}}