{"id":49,"date":"2014-02-22T21:14:54","date_gmt":"2014-02-22T20:14:54","guid":{"rendered":"http:\/\/om2amb1.mavipet.sk\/?page_id=49"},"modified":"2017-02-22T18:22:29","modified_gmt":"2017-02-22T18:22:29","slug":"stoziar","status":"publish","type":"page","link":"https:\/\/om2amb.mavipet.sk\/?page_id=49","title":{"rendered":"Sto\u017eiar"},"content":{"rendered":"<p>update Jul\/August 2014:<\/p>\n<p>K\u00fdm budu vybaven\u00e9 povolenia som sto\u017eiar skompletizoval a natrel.<\/p>\n<div>\n<div id=\"attachment_46\" style=\"width: 710px\" class=\"wp-caption alignnone\"><img loading=\"lazy\" decoding=\"async\" aria-describedby=\"caption-attachment-46\" class=\"size-large wp-image-46\" src=\"https:\/\/om2amb.mavipet.sk\/wp-content\/uploads\/2014\/02\/14-02-22-img_0028-1024x683.jpg\" alt=\"\" width=\"700\" height=\"467\" srcset=\"https:\/\/om2amb.mavipet.sk\/wp-content\/uploads\/2014\/02\/14-02-22-img_0028-1024x683.jpg 1024w, https:\/\/om2amb.mavipet.sk\/wp-content\/uploads\/2014\/02\/14-02-22-img_0028-300x200.jpg 300w, https:\/\/om2amb.mavipet.sk\/wp-content\/uploads\/2014\/02\/14-02-22-img_0028-768x512.jpg 768w, https:\/\/om2amb.mavipet.sk\/wp-content\/uploads\/2014\/02\/14-02-22-img_0028-1200x800.jpg 1200w, https:\/\/om2amb.mavipet.sk\/wp-content\/uploads\/2014\/02\/14-02-22-img_0028.jpg 2048w\" sizes=\"auto, (max-width: 700px) 100vw, 700px\" \/><p id=\"caption-attachment-46\" class=\"wp-caption-text\">Man\u017eelka ukazuje ak\u00fa ma rados\u0165. Len do nejde von \ud83d\ude09<\/p><\/div>\n<\/div>\n<p>Update 17.4.2014:<\/p>\n<p>Realiz\u00e1cia pozastaven\u00e1. Napriek dodaniu podkladov ktor\u00e9 boli pracovn\u00edkom \u00faradu \u017eiadan\u00e9. Zrazu nesta\u010d\u00ed ohl\u00e1senie drobnej stavby ale mus\u00ed byt za\u010dat\u00e9 plnohodnotn\u00e9 stavebne konanie. Nedostatok sebareflexie pracovn\u00edka ma dos\u0165 na\u0161tvala.\u00a0 Nielen\u017ee mi dal zl\u00e9 inform\u00e1cie e\u0161te mi povie \u017ee som spravil chybu ja ke\u010f som spravil v\u0161etko \u010do po\u017eadoval. (A to nepo\u010d\u00edtam \u017ee rovnako ako niektor\u00e9 \u010fal\u0161ie \u00farady \u017eiada vyplnenie duplicitn\u00fdch papierov).<\/p>\n<p>Tak\u017ee som sa musel obr\u00e1ti\u0165 na firmu ktor\u00e1 mi vypracuje dokument\u00e1ciu. Zauj\u00edmav\u00e9 je \u017ee mi ako prv\u00e9 povedali \u010di to nem\u00f4\u017eem postavi\u0165 na nejak\u00fa budovu. Lebo tento typ stavby je tak m\u00e1lo pou\u017e\u00edvan\u00ed \u017ee ka\u017ed\u00fd \u00farad roby in\u00e9 ob\u0161trukcie.<\/p>\n<p>Febru\u00e1r 2014:<\/p>\n<p>Kone\u010dne som sa rozh\u00fdbal a za\u010dal zo stavbou sto\u017eiara. K\u00fapil som 2m segmenty a vrcholov\u00fd 1.5m sto\u017eiar<\/p>\n<p><img loading=\"lazy\" decoding=\"async\" class=\"size-large wp-image-45\" src=\"https:\/\/om2amb.mavipet.sk\/wp-content\/uploads\/2014\/02\/14-02-22-img_0027-1024x683.jpg\" alt=\"\" width=\"700\" height=\"467\" srcset=\"https:\/\/om2amb.mavipet.sk\/wp-content\/uploads\/2014\/02\/14-02-22-img_0027-1024x683.jpg 1024w, https:\/\/om2amb.mavipet.sk\/wp-content\/uploads\/2014\/02\/14-02-22-img_0027-300x200.jpg 300w, https:\/\/om2amb.mavipet.sk\/wp-content\/uploads\/2014\/02\/14-02-22-img_0027-768x512.jpg 768w, https:\/\/om2amb.mavipet.sk\/wp-content\/uploads\/2014\/02\/14-02-22-img_0027-1200x800.jpg 1200w, https:\/\/om2amb.mavipet.sk\/wp-content\/uploads\/2014\/02\/14-02-22-img_0027.jpg 2048w\" sizes=\"auto, (max-width: 700px) 100vw, 700px\" \/><\/p>\n<p>Zatia\u013e \u010dak\u00e1m na vhodn\u00e9 po\u010dasie na za\u010datie stavby z\u00e1kladov.<\/p>\n","protected":false},"excerpt":{"rendered":"<p>update Jul\/August 2014: K\u00fdm budu vybaven\u00e9 povolenia som sto\u017eiar skompletizoval a natrel. Update 17.4.2014: Realiz\u00e1cia pozastaven\u00e1. Napriek dodaniu podkladov ktor\u00e9 boli pracovn\u00edkom \u00faradu \u017eiadan\u00e9. Zrazu nesta\u010d\u00ed ohl\u00e1senie drobnej stavby ale mus\u00ed byt za\u010dat\u00e9 plnohodnotn\u00e9 stavebne konanie. Nedostatok sebareflexie pracovn\u00edka ma dos\u0165 na\u0161tvala.\u00a0 Nielen\u017ee mi dal zl\u00e9 inform\u00e1cie e\u0161te mi povie \u017ee som spravil chybu ja &#8230; <span class=\"more\"><a class=\"more-link\" href=\"https:\/\/om2amb.mavipet.sk\/?page_id=49\">[Read more&#8230;]<\/a><\/span><\/p>\n","protected":false},"author":1,"featured_media":0,"parent":18,"menu_order":2,"comment_status":"closed","ping_status":"open","template":"","meta":{"footnotes":""},"class_list":["entry","page","publish","author-kylian","post-49"],"_links":{"self":[{"href":"https:\/\/om2amb.mavipet.sk\/index.php?rest_route=\/wp\/v2\/pages\/49","targetHints":{"allow":["GET"]}}],"collection":[{"href":"https:\/\/om2amb.mavipet.sk\/index.php?rest_route=\/wp\/v2\/pages"}],"about":[{"href":"https:\/\/om2amb.mavipet.sk\/index.php?rest_route=\/wp\/v2\/types\/page"}],"author":[{"embeddable":true,"href":"https:\/\/om2amb.mavipet.sk\/index.php?rest_route=\/wp\/v2\/users\/1"}],"replies":[{"embeddable":true,"href":"https:\/\/om2amb.mavipet.sk\/index.php?rest_route=%2Fwp%2Fv2%2Fcomments&post=49"}],"version-history":[{"count":2,"href":"https:\/\/om2amb.mavipet.sk\/index.php?rest_route=\/wp\/v2\/pages\/49\/revisions"}],"predecessor-version":[{"id":148,"href":"https:\/\/om2amb.mavipet.sk\/index.php?rest_route=\/wp\/v2\/pages\/49\/revisions\/148"}],"up":[{"embeddable":true,"href":"https:\/\/om2amb.mavipet.sk\/index.php?rest_route=\/wp\/v2\/pages\/18"}],"wp:attachment":[{"href":"https:\/\/om2amb.mavipet.sk\/index.php?rest_route=%2Fwp%2Fv2%2Fmedia&parent=49"}],"curies":[{"name":"wp","href":"https:\/\/api.w.org\/{rel}","templated":true}]}}