{"id":15,"date":"2013-12-22T17:49:06","date_gmt":"2013-12-22T16:49:06","guid":{"rendered":"http:\/\/om2amb1.mavipet.sk\/?page_id=15"},"modified":"2017-07-14T18:12:05","modified_gmt":"2017-07-14T18:12:05","slug":"om2amb","status":"publish","type":"page","link":"https:\/\/om2amb.mavipet.sk\/","title":{"rendered":"OM2AMB"},"content":{"rendered":"<p>Som pr\u00edle\u017eitostn\u00fd radiomamat\u00e9r. Licenciu m\u00e1m od roku 1996 ale prv\u00e9 zaznamenan\u00e9 spojenie m\u00e1m z 26.11.1999, Kone\u010dne som zohnal TRX na ktor\u00fd som ako \u0161tudent mal VR20 preladen\u00fd na 2m p\u00e1smo. A t\u00fdm &#8220;\u0161\u0165astn\u00fdm&#8221; bol OM3WC, vtedy e\u0161te zo zna\u010dkou OM3TWC. Ako jedin\u00fd mal dos\u0165 trpezlivosti a preto ma m\u00e1 na krku doteraz. Aj ke\u010f sa teraz na\u0161e role vymenili. \u010castej\u0161ie chce ni\u010do on odomna ako ja od neho. A je d\u00f4vodom vzniku niektor\u00fdch projektov.<\/p>\n<p>Prv\u00e9 spojenie zo zahrani\u010dia som mal 22.3.2008 z Moravsk\u00e9ho P\u00edsku. A jednalo sa z\u00e1rove\u0148 o moje\u00a0 prv\u00e9 KV spojenie. A asi aj zatia\u013e posledn\u00e9.<\/p>\n<p>A teraz u\u017e len oblig\u00e1tne &#8220;HW&#8221; okienko.<\/p>\n<ul>\n<li><a title=\"Stranka vyrobcu\" href=\"http:\/\/www.yaesu.com\/indexvs.cfm?cmd=DisplayProducts&amp;ProdCatID=102&amp;encProdID=06014CD0AFA0702B25B12AB4DC9C0D27\">FT817ND<\/a> &#8211; Hlavny TRX\n<ul>\n<li>Osaden\u00fd <a title=\"TCXO z Ebay\" href=\"http:\/\/om2amb.mavipet.sk\/wp-content\/uploads\/2014\/12\/TCXO.jpg\">\u010d\u00ednskym TCXO <\/a>(Oproti origin\u00e1lu pou\u017e\u00edva in\u00e9 prevedenie puzdra TCXO)<\/li>\n<li>Osaden\u00fd <a title=\"Filter z Ebay\" href=\"http:\/\/om2amb.mavipet.sk\/wp-content\/uploads\/2014\/12\/CW_filter.jpg\">\u010d\u00ednskym 1khz CW filtrom<\/a> (muRata CFJ455K8)<\/li>\n<li><a title=\"Osadenie filtra a TCXO\" href=\"http:\/\/om2amb.mavipet.sk\/wp-content\/uploads\/2014\/12\/ft817.jpg\">V\u0161etko pekne osaden\u00e9<\/a><\/li>\n<\/ul>\n<\/li>\n<li><a title=\"info na rigpix\" href=\"http:\/\/www.rigpix.com\/yaesu\/ft290r.htm\">FT290<\/a> &#8211; Aktu\u00e1lne len na\u0148 pad\u00e1 prach<\/li>\n<li><a href=\"http:\/\/zastonetech.com\/2-2-mini-mobile-transceiver\/220235\">Zastone MP-300<\/a> FM dual band 20W<\/li>\n<li><del><a href=\"http:\/\/om2amb.mavipet.sk\/wp-content\/uploads\/2013\/12\/maycom_HA-144.pdf\">Maycom_HA-144 <\/a><\/del>&#8211; <del>2m FM ru\u010dka 5W<\/del> (Rozbil sa display)<\/li>\n<li><a title=\"Strtanka vyrobcu\" href=\"http:\/\/www.alinco.com\/Products\/DJ-S45\/\">Alinco DJ-S45<\/a> &#8211; 70cm FM ru\u010dka<\/li>\n<li>Antek na 80m p\u00e1smo <a title=\"Prirucka v polstine\" href=\"http:\/\/serwis.avt.pl\/manuals\/AVT2310_1.pdf\">zo stavebnice<\/a> ale z DDS<\/li>\n<li><a title=\"1ch TRX\" href=\"?page_id=114\">1ch TRX<\/a> z dorji modulom (APRS TRX)<\/li>\n<li><a title=\"FM TRX\" href=\"?page_id=117\">FM TRX<\/a> z dorji modulom<\/li>\n<li>2x SDR <a title=\"Domaca stranka projektu\" href=\"http:\/\/zao.jp\/radio\/66lite\/\">Soft66lite<\/a> od <a href=\"http:\/\/zao.jp\/radio\/\">JA7TDO<\/a>\u00a0 jeden ako monoband (<a title=\"Soft66lite realiz\u00e1cia\" href=\"?attachment_id=108\">1<\/a>,<a title=\"Soft66lite\" href=\"?attachment_id=107\">2<\/a>)\u00a0 a druhy z <a title=\"SDR\" href=\"?page_id=47\">DDS a prep\u00edna\u010dom filtrov<\/a>.<\/li>\n<li>Ako zdroj pou\u017e\u00edvam <a title=\"Strtanka vyrobcu\" href=\"http:\/\/www.alinco.com\/Products\/DM330MVE\/\">Alinco DM-330MVE<\/a><\/li>\n<li>Ant\u00e9ny r\u00f4znych kon\u0161trukci\u00ed v\u00e4\u010d\u0161inou z Internetu.<\/li>\n<\/ul>\n","protected":false},"excerpt":{"rendered":"<p>Som pr\u00edle\u017eitostn\u00fd radiomamat\u00e9r. Licenciu m\u00e1m od roku 1996 ale prv\u00e9 zaznamenan\u00e9 spojenie m\u00e1m z 26.11.1999, Kone\u010dne som zohnal TRX na ktor\u00fd som ako \u0161tudent mal VR20 preladen\u00fd na 2m p\u00e1smo. A t\u00fdm &#8220;\u0161\u0165astn\u00fdm&#8221; bol OM3WC, vtedy e\u0161te zo zna\u010dkou OM3TWC. Ako jedin\u00fd mal dos\u0165 trpezlivosti a preto ma m\u00e1 na krku doteraz. Aj ke\u010f sa &#8230; <span class=\"more\"><a class=\"more-link\" href=\"https:\/\/om2amb.mavipet.sk\/\">[Read more&#8230;]<\/a><\/span><\/p>\n","protected":false},"author":1,"featured_media":0,"parent":0,"menu_order":0,"comment_status":"closed","ping_status":"open","template":"","meta":{"footnotes":""},"class_list":["entry","page","publish","author-kylian","post-15"],"_links":{"self":[{"href":"https:\/\/om2amb.mavipet.sk\/index.php?rest_route=\/wp\/v2\/pages\/15","targetHints":{"allow":["GET"]}}],"collection":[{"href":"https:\/\/om2amb.mavipet.sk\/index.php?rest_route=\/wp\/v2\/pages"}],"about":[{"href":"https:\/\/om2amb.mavipet.sk\/index.php?rest_route=\/wp\/v2\/types\/page"}],"author":[{"embeddable":true,"href":"https:\/\/om2amb.mavipet.sk\/index.php?rest_route=\/wp\/v2\/users\/1"}],"replies":[{"embeddable":true,"href":"https:\/\/om2amb.mavipet.sk\/index.php?rest_route=%2Fwp%2Fv2%2Fcomments&post=15"}],"version-history":[{"count":4,"href":"https:\/\/om2amb.mavipet.sk\/index.php?rest_route=\/wp\/v2\/pages\/15\/revisions"}],"predecessor-version":[{"id":152,"href":"https:\/\/om2amb.mavipet.sk\/index.php?rest_route=\/wp\/v2\/pages\/15\/revisions\/152"}],"wp:attachment":[{"href":"https:\/\/om2amb.mavipet.sk\/index.php?rest_route=%2Fwp%2Fv2%2Fmedia&parent=15"}],"curies":[{"name":"wp","href":"https:\/\/api.w.org\/{rel}","templated":true}]}}